{"id":11018,"date":"2022-05-30T13:50:15","date_gmt":"2022-05-30T13:50:15","guid":{"rendered":"https:\/\/rotopile.com\/foundation-design\/"},"modified":"2025-03-10T20:03:54","modified_gmt":"2025-03-10T20:03:54","slug":"projeto-de-fundacoes","status":"publish","type":"page","link":"https:\/\/rotopile.com\/pt-pt\/projeto-de-fundacoes\/","title":{"rendered":"Projeto de Funda\u00e7\u00f5es"},"content":{"rendered":"\t\t<div data-elementor-type=\"wp-page\" data-elementor-id=\"11018\" class=\"elementor elementor-11018 elementor-9197\" data-elementor-post-type=\"page\">\n\t\t\t\t\t\t<section data-particle_enable=\"false\" data-particle-mobile-disabled=\"false\" class=\"elementor-section elementor-top-section elementor-element elementor-element-0d34e93 elementor-section-boxed elementor-section-height-default elementor-section-height-default qodef-elementor-content-no\" data-id=\"0d34e93\" data-element_type=\"section\" data-e-type=\"section\">\n\t\t\t\t\t\t<div class=\"elementor-container elementor-column-gap-default\">\n\t\t\t\t\t<div class=\"elementor-column elementor-col-50 elementor-top-column elementor-element elementor-element-db27299\" data-id=\"db27299\" data-element_type=\"column\" data-e-type=\"column\">\n\t\t\t<div class=\"elementor-widget-wrap elementor-element-populated\">\n\t\t\t\t\t\t<div class=\"elementor-element elementor-element-8f89a05 elementor-widget elementor-widget-stal_core_section_title\" data-id=\"8f89a05\" data-element_type=\"widget\" data-e-type=\"widget\" data-widget_type=\"stal_core_section_title.default\">\n\t\t\t\t<div class=\"elementor-widget-container\">\n\t\t\t\t\t<div class=\"qodef-shortcode qodef-m qodef-section-title qodef-alignment--left qodef-title-with-tagline\">\n\t\t<div class=\"qodef-m-title-wrap\">\n\t        <h6 class=\"qodef-m-title-tagline\" >Rotopile<\/h6>\n    \t<h3 class=\"qodef-m-title\" >\n\t\t\t\t\tProjeto<br> de Funda\u00e7\u00f5es\t\t\t<\/h3>\n\t\n\t<\/div>\n\t<\/div>\t\t\t\t<\/div>\n\t\t\t\t<\/div>\n\t\t\t\t<div class=\"elementor-element elementor-element-7c64600 elementor-widget elementor-widget-text-editor\" data-id=\"7c64600\" data-element_type=\"widget\" data-e-type=\"widget\" data-widget_type=\"text-editor.default\">\n\t\t\t\t<div class=\"elementor-widget-container\">\n\t\t\t\t\t\t\t\t\t<p>Na Rotopile, temos um conhecimento superior de projeto de estacas helicoidais e de funda\u00e7\u00f5es.<\/p>\n<p>Criamos e projetamos os melhores desenhos para si e para o ambiente.<\/p>\n<p>Com mais de 20 anos de experi\u00eancia em estacas helicoidais, podemos instalar funda\u00e7\u00f5es em diferentes condi\u00e7\u00f5es climat\u00e9ricas e em estruturas leves ou pesadas. Connosco, gastar\u00e1 menos materiais, m\u00e3o de obra e equipamentos.<\/p>\n<p>O nosso processo de projeto de funda\u00e7\u00f5es:<\/p>\n\n<ul>\n \t<li>C\u00e1lculos precisos para atender \u00e0s necessidades de documenta\u00e7\u00e3o das autoridades de constru\u00e7\u00e3o.<\/li>\n \t<li>Software de projeto de ponta.<\/li>\n \t<li>Tem controle absoluto do processo de funda\u00e7\u00f5es do nosso servi\u00e7o tudo inclu\u00eddo.<\/li>\n \t<li>Controle do cronograma, otimiza\u00e7\u00e3o do tempo do processo e zero problemas de comunica\u00e7\u00e3o.<\/li>\n<\/ul>\t\t\t\t\t\t\t\t<\/div>\n\t\t\t\t<\/div>\n\t\t\t\t\t<\/div>\n\t\t<\/div>\n\t\t\t\t<div class=\"elementor-column elementor-col-50 elementor-top-column elementor-element elementor-element-22305a6\" data-id=\"22305a6\" data-element_type=\"column\" data-e-type=\"column\">\n\t\t\t<div class=\"elementor-widget-wrap elementor-element-populated\">\n\t\t\t\t\t\t<div class=\"elementor-element elementor-element-39caacd elementor-widget elementor-widget-image\" data-id=\"39caacd\" data-element_type=\"widget\" data-e-type=\"widget\" data-widget_type=\"image.default\">\n\t\t\t\t<div class=\"elementor-widget-container\">\n\t\t\t\t\t\t\t\t\t\t\t\t\t\t\t<img fetchpriority=\"high\" decoding=\"async\" width=\"1280\" height=\"961\" src=\"https:\/\/rotopile.com\/wp-content\/uploads\/2022\/03\/pp815.jpg\" class=\"attachment-full size-full wp-image-10461\" alt=\"\" srcset=\"https:\/\/rotopile.com\/wp-content\/uploads\/2022\/03\/pp815.jpg 1280w, https:\/\/rotopile.com\/wp-content\/uploads\/2022\/03\/pp815-300x225.jpg 300w, https:\/\/rotopile.com\/wp-content\/uploads\/2022\/03\/pp815-1024x769.jpg 1024w, https:\/\/rotopile.com\/wp-content\/uploads\/2022\/03\/pp815-768x577.jpg 768w\" sizes=\"(max-width: 1280px) 100vw, 1280px\" \/>\t\t\t\t\t\t\t\t\t\t\t\t\t\t\t<\/div>\n\t\t\t\t<\/div>\n\t\t\t\t\t<\/div>\n\t\t<\/div>\n\t\t\t\t\t<\/div>\n\t\t<\/section>\n\t\t\t\t<section data-particle_enable=\"false\" data-particle-mobile-disabled=\"false\" class=\"elementor-section elementor-top-section elementor-element elementor-element-9ee6d69 elementor-section-boxed elementor-section-height-default elementor-section-height-default qodef-elementor-content-no\" data-id=\"9ee6d69\" data-element_type=\"section\" data-e-type=\"section\">\n\t\t\t\t\t\t<div class=\"elementor-container elementor-column-gap-default\">\n\t\t\t\t\t<div class=\"elementor-column elementor-col-100 elementor-top-column elementor-element elementor-element-6332f77\" data-id=\"6332f77\" data-element_type=\"column\" data-e-type=\"column\">\n\t\t\t<div class=\"elementor-widget-wrap elementor-element-populated\">\n\t\t\t\t\t\t<div class=\"elementor-element elementor-element-5b9c294 elementor-widget elementor-widget-global elementor-global-11483 elementor-widget-image\" data-id=\"5b9c294\" data-element_type=\"widget\" data-e-type=\"widget\" data-widget_type=\"image.default\">\n\t\t\t\t<div class=\"elementor-widget-container\">\n\t\t\t\t\t\t\t\t\t\t\t\t\t\t\t<img decoding=\"async\" width=\"12177\" height=\"2487\" src=\"https:\/\/rotopile.com\/wp-content\/uploads\/2025\/03\/ALENTEJO2030_BarraCofinan_Ass.png\" class=\"attachment-full size-full wp-image-11473\" alt=\"\" srcset=\"https:\/\/rotopile.com\/wp-content\/uploads\/2025\/03\/ALENTEJO2030_BarraCofinan_Ass.png 12177w, https:\/\/rotopile.com\/wp-content\/uploads\/2025\/03\/ALENTEJO2030_BarraCofinan_Ass-300x61.png 300w, https:\/\/rotopile.com\/wp-content\/uploads\/2025\/03\/ALENTEJO2030_BarraCofinan_Ass-1024x209.png 1024w, https:\/\/rotopile.com\/wp-content\/uploads\/2025\/03\/ALENTEJO2030_BarraCofinan_Ass-768x157.png 768w, https:\/\/rotopile.com\/wp-content\/uploads\/2025\/03\/ALENTEJO2030_BarraCofinan_Ass-1536x314.png 1536w, https:\/\/rotopile.com\/wp-content\/uploads\/2025\/03\/ALENTEJO2030_BarraCofinan_Ass-2048x418.png 2048w\" sizes=\"(max-width: 12177px) 100vw, 12177px\" \/>\t\t\t\t\t\t\t\t\t\t\t\t\t\t\t<\/div>\n\t\t\t\t<\/div>\n\t\t\t\t\t<\/div>\n\t\t<\/div>\n\t\t\t\t\t<\/div>\n\t\t<\/section>\n\t\t\t\t<\/div>\n\t\t","protected":false},"excerpt":{"rendered":"<p>Rotopile Projeto de Funda\u00e7\u00f5es Na Rotopile, temos um conhecimento superior de projeto de estacas helicoidais e de funda\u00e7\u00f5es. Criamos e projetamos os melhores desenhos para si e para o ambiente. Com mais de 20 anos de experi\u00eancia em estacas helicoidais, podemos instalar funda\u00e7\u00f5es em diferentes condi\u00e7\u00f5es climat\u00e9ricas e em estruturas leves ou pesadas. Connosco, gastar\u00e1 [&hellip;]<\/p>\n","protected":false},"author":1,"featured_media":0,"parent":0,"menu_order":0,"comment_status":"closed","ping_status":"closed","template":"page-full-width.php","meta":{"footnotes":""},"class_list":["post-11018","page","type-page","status-publish","hentry"],"yoast_head":"<!-- This site is optimized with the Yoast SEO plugin v27.5 - https:\/\/yoast.com\/product\/yoast-seo-wordpress\/ -->\n<title>Projeto de Funda\u00e7\u00f5es | Rotopile<\/title>\n<meta name=\"robots\" content=\"index, follow, max-snippet:-1, max-image-preview:large, max-video-preview:-1\" \/>\n<link rel=\"canonical\" href=\"https:\/\/rotopile.com\/pt-pt\/projeto-de-fundacoes\/\" \/>\n<meta property=\"og:locale\" content=\"pt_PT\" \/>\n<meta property=\"og:type\" content=\"article\" \/>\n<meta property=\"og:title\" content=\"Projeto de Funda\u00e7\u00f5es | Rotopile\" \/>\n<meta property=\"og:description\" content=\"Rotopile Projeto de Funda\u00e7\u00f5es Na Rotopile, temos um conhecimento superior de projeto de estacas helicoidais e de funda\u00e7\u00f5es. Criamos e projetamos os melhores desenhos para si e para o ambiente. Com mais de 20 anos de experi\u00eancia em estacas helicoidais, podemos instalar funda\u00e7\u00f5es em diferentes condi\u00e7\u00f5es climat\u00e9ricas e em estruturas leves ou pesadas. Connosco, gastar\u00e1 [&hellip;]\" \/>\n<meta property=\"og:url\" content=\"https:\/\/rotopile.com\/pt-pt\/projeto-de-fundacoes\/\" \/>\n<meta property=\"og:site_name\" content=\"Rotopile\" \/>\n<meta property=\"article:publisher\" content=\"https:\/\/www.facebook.com\/rotopile\" \/>\n<meta property=\"article:modified_time\" content=\"2025-03-10T20:03:54+00:00\" \/>\n<meta property=\"og:image\" content=\"https:\/\/rotopile.com\/wp-content\/uploads\/2022\/03\/pp815.jpg\" \/>\n\t<meta property=\"og:image:width\" content=\"1280\" \/>\n\t<meta property=\"og:image:height\" content=\"961\" \/>\n\t<meta property=\"og:image:type\" content=\"image\/jpeg\" \/>\n<meta name=\"twitter:card\" content=\"summary_large_image\" \/>\n<meta name=\"twitter:label1\" content=\"Tempo estimado de leitura\" \/>\n\t<meta name=\"twitter:data1\" content=\"2 minutos\" \/>\n<script type=\"application\/ld+json\" class=\"yoast-schema-graph\">{\"@context\":\"https:\\\/\\\/schema.org\",\"@graph\":[{\"@type\":\"WebPage\",\"@id\":\"https:\\\/\\\/rotopile.com\\\/pt-pt\\\/projeto-de-fundacoes\\\/\",\"url\":\"https:\\\/\\\/rotopile.com\\\/pt-pt\\\/projeto-de-fundacoes\\\/\",\"name\":\"Projeto de Funda\u00e7\u00f5es | Rotopile\",\"isPartOf\":{\"@id\":\"https:\\\/\\\/rotopile.com\\\/#website\"},\"primaryImageOfPage\":{\"@id\":\"https:\\\/\\\/rotopile.com\\\/pt-pt\\\/projeto-de-fundacoes\\\/#primaryimage\"},\"image\":{\"@id\":\"https:\\\/\\\/rotopile.com\\\/pt-pt\\\/projeto-de-fundacoes\\\/#primaryimage\"},\"thumbnailUrl\":\"https:\\\/\\\/rotopile.com\\\/wp-content\\\/uploads\\\/2022\\\/03\\\/pp815.jpg\",\"datePublished\":\"2022-05-30T13:50:15+00:00\",\"dateModified\":\"2025-03-10T20:03:54+00:00\",\"breadcrumb\":{\"@id\":\"https:\\\/\\\/rotopile.com\\\/pt-pt\\\/projeto-de-fundacoes\\\/#breadcrumb\"},\"inLanguage\":\"pt-PT\",\"potentialAction\":[{\"@type\":\"ReadAction\",\"target\":[\"https:\\\/\\\/rotopile.com\\\/pt-pt\\\/projeto-de-fundacoes\\\/\"]}]},{\"@type\":\"ImageObject\",\"inLanguage\":\"pt-PT\",\"@id\":\"https:\\\/\\\/rotopile.com\\\/pt-pt\\\/projeto-de-fundacoes\\\/#primaryimage\",\"url\":\"https:\\\/\\\/rotopile.com\\\/wp-content\\\/uploads\\\/2022\\\/03\\\/pp815.jpg\",\"contentUrl\":\"https:\\\/\\\/rotopile.com\\\/wp-content\\\/uploads\\\/2022\\\/03\\\/pp815.jpg\"},{\"@type\":\"BreadcrumbList\",\"@id\":\"https:\\\/\\\/rotopile.com\\\/pt-pt\\\/projeto-de-fundacoes\\\/#breadcrumb\",\"itemListElement\":[{\"@type\":\"ListItem\",\"position\":1,\"name\":\"Home\",\"item\":\"https:\\\/\\\/rotopile.com\\\/pt-pt\\\/\"},{\"@type\":\"ListItem\",\"position\":2,\"name\":\"Projeto de Funda\u00e7\u00f5es\"}]},{\"@type\":\"WebSite\",\"@id\":\"https:\\\/\\\/rotopile.com\\\/#website\",\"url\":\"https:\\\/\\\/rotopile.com\\\/\",\"name\":\"Rotopile\",\"description\":\"\",\"publisher\":{\"@id\":\"https:\\\/\\\/rotopile.com\\\/#organization\"},\"potentialAction\":[{\"@type\":\"SearchAction\",\"target\":{\"@type\":\"EntryPoint\",\"urlTemplate\":\"https:\\\/\\\/rotopile.com\\\/?s={search_term_string}\"},\"query-input\":{\"@type\":\"PropertyValueSpecification\",\"valueRequired\":true,\"valueName\":\"search_term_string\"}}],\"inLanguage\":\"pt-PT\"},{\"@type\":\"Organization\",\"@id\":\"https:\\\/\\\/rotopile.com\\\/#organization\",\"name\":\"Rotopile\",\"url\":\"https:\\\/\\\/rotopile.com\\\/\",\"logo\":{\"@type\":\"ImageObject\",\"inLanguage\":\"pt-PT\",\"@id\":\"https:\\\/\\\/rotopile.com\\\/#\\\/schema\\\/logo\\\/image\\\/\",\"url\":\"https:\\\/\\\/rotopile.com\\\/wp-content\\\/uploads\\\/2022\\\/03\\\/-\u03c7\u03c9\u03c1\u03af\u03c2-\u03c4\u03af\u03c4\u03bb\u03bf-2022-03-25T144637.566-e1648212500790.png\",\"contentUrl\":\"https:\\\/\\\/rotopile.com\\\/wp-content\\\/uploads\\\/2022\\\/03\\\/-\u03c7\u03c9\u03c1\u03af\u03c2-\u03c4\u03af\u03c4\u03bb\u03bf-2022-03-25T144637.566-e1648212500790.png\",\"width\":1080,\"height\":407,\"caption\":\"Rotopile\"},\"image\":{\"@id\":\"https:\\\/\\\/rotopile.com\\\/#\\\/schema\\\/logo\\\/image\\\/\"},\"sameAs\":[\"https:\\\/\\\/www.facebook.com\\\/rotopile\",\"https:\\\/\\\/www.youtube.com\\\/channel\\\/UCPkGwnie36b8CsNvHhCdAcQ\",\"https:\\\/\\\/www.instagram.com\\\/rotopile\\\/\",\"https:\\\/\\\/www.linkedin.com\\\/company\\\/rotopile\\\/\"]}]}<\/script>\n<!-- \/ Yoast SEO plugin. -->","yoast_head_json":{"title":"Projeto de Funda\u00e7\u00f5es | Rotopile","robots":{"index":"index","follow":"follow","max-snippet":"max-snippet:-1","max-image-preview":"max-image-preview:large","max-video-preview":"max-video-preview:-1"},"canonical":"https:\/\/rotopile.com\/pt-pt\/projeto-de-fundacoes\/","og_locale":"pt_PT","og_type":"article","og_title":"Projeto de Funda\u00e7\u00f5es | Rotopile","og_description":"Rotopile Projeto de Funda\u00e7\u00f5es Na Rotopile, temos um conhecimento superior de projeto de estacas helicoidais e de funda\u00e7\u00f5es. Criamos e projetamos os melhores desenhos para si e para o ambiente. Com mais de 20 anos de experi\u00eancia em estacas helicoidais, podemos instalar funda\u00e7\u00f5es em diferentes condi\u00e7\u00f5es climat\u00e9ricas e em estruturas leves ou pesadas. Connosco, gastar\u00e1 [&hellip;]","og_url":"https:\/\/rotopile.com\/pt-pt\/projeto-de-fundacoes\/","og_site_name":"Rotopile","article_publisher":"https:\/\/www.facebook.com\/rotopile","article_modified_time":"2025-03-10T20:03:54+00:00","og_image":[{"width":1280,"height":961,"url":"https:\/\/rotopile.com\/wp-content\/uploads\/2022\/03\/pp815.jpg","type":"image\/jpeg"}],"twitter_card":"summary_large_image","twitter_misc":{"Tempo estimado de leitura":"2 minutos"},"schema":{"@context":"https:\/\/schema.org","@graph":[{"@type":"WebPage","@id":"https:\/\/rotopile.com\/pt-pt\/projeto-de-fundacoes\/","url":"https:\/\/rotopile.com\/pt-pt\/projeto-de-fundacoes\/","name":"Projeto de Funda\u00e7\u00f5es | Rotopile","isPartOf":{"@id":"https:\/\/rotopile.com\/#website"},"primaryImageOfPage":{"@id":"https:\/\/rotopile.com\/pt-pt\/projeto-de-fundacoes\/#primaryimage"},"image":{"@id":"https:\/\/rotopile.com\/pt-pt\/projeto-de-fundacoes\/#primaryimage"},"thumbnailUrl":"https:\/\/rotopile.com\/wp-content\/uploads\/2022\/03\/pp815.jpg","datePublished":"2022-05-30T13:50:15+00:00","dateModified":"2025-03-10T20:03:54+00:00","breadcrumb":{"@id":"https:\/\/rotopile.com\/pt-pt\/projeto-de-fundacoes\/#breadcrumb"},"inLanguage":"pt-PT","potentialAction":[{"@type":"ReadAction","target":["https:\/\/rotopile.com\/pt-pt\/projeto-de-fundacoes\/"]}]},{"@type":"ImageObject","inLanguage":"pt-PT","@id":"https:\/\/rotopile.com\/pt-pt\/projeto-de-fundacoes\/#primaryimage","url":"https:\/\/rotopile.com\/wp-content\/uploads\/2022\/03\/pp815.jpg","contentUrl":"https:\/\/rotopile.com\/wp-content\/uploads\/2022\/03\/pp815.jpg"},{"@type":"BreadcrumbList","@id":"https:\/\/rotopile.com\/pt-pt\/projeto-de-fundacoes\/#breadcrumb","itemListElement":[{"@type":"ListItem","position":1,"name":"Home","item":"https:\/\/rotopile.com\/pt-pt\/"},{"@type":"ListItem","position":2,"name":"Projeto de Funda\u00e7\u00f5es"}]},{"@type":"WebSite","@id":"https:\/\/rotopile.com\/#website","url":"https:\/\/rotopile.com\/","name":"Rotopile","description":"","publisher":{"@id":"https:\/\/rotopile.com\/#organization"},"potentialAction":[{"@type":"SearchAction","target":{"@type":"EntryPoint","urlTemplate":"https:\/\/rotopile.com\/?s={search_term_string}"},"query-input":{"@type":"PropertyValueSpecification","valueRequired":true,"valueName":"search_term_string"}}],"inLanguage":"pt-PT"},{"@type":"Organization","@id":"https:\/\/rotopile.com\/#organization","name":"Rotopile","url":"https:\/\/rotopile.com\/","logo":{"@type":"ImageObject","inLanguage":"pt-PT","@id":"https:\/\/rotopile.com\/#\/schema\/logo\/image\/","url":"https:\/\/rotopile.com\/wp-content\/uploads\/2022\/03\/-\u03c7\u03c9\u03c1\u03af\u03c2-\u03c4\u03af\u03c4\u03bb\u03bf-2022-03-25T144637.566-e1648212500790.png","contentUrl":"https:\/\/rotopile.com\/wp-content\/uploads\/2022\/03\/-\u03c7\u03c9\u03c1\u03af\u03c2-\u03c4\u03af\u03c4\u03bb\u03bf-2022-03-25T144637.566-e1648212500790.png","width":1080,"height":407,"caption":"Rotopile"},"image":{"@id":"https:\/\/rotopile.com\/#\/schema\/logo\/image\/"},"sameAs":["https:\/\/www.facebook.com\/rotopile","https:\/\/www.youtube.com\/channel\/UCPkGwnie36b8CsNvHhCdAcQ","https:\/\/www.instagram.com\/rotopile\/","https:\/\/www.linkedin.com\/company\/rotopile\/"]}]}},"_links":{"self":[{"href":"https:\/\/rotopile.com\/pt-pt\/wp-json\/wp\/v2\/pages\/11018","targetHints":{"allow":["GET"]}}],"collection":[{"href":"https:\/\/rotopile.com\/pt-pt\/wp-json\/wp\/v2\/pages"}],"about":[{"href":"https:\/\/rotopile.com\/pt-pt\/wp-json\/wp\/v2\/types\/page"}],"author":[{"embeddable":true,"href":"https:\/\/rotopile.com\/pt-pt\/wp-json\/wp\/v2\/users\/1"}],"replies":[{"embeddable":true,"href":"https:\/\/rotopile.com\/pt-pt\/wp-json\/wp\/v2\/comments?post=11018"}],"version-history":[{"count":3,"href":"https:\/\/rotopile.com\/pt-pt\/wp-json\/wp\/v2\/pages\/11018\/revisions"}],"predecessor-version":[{"id":11519,"href":"https:\/\/rotopile.com\/pt-pt\/wp-json\/wp\/v2\/pages\/11018\/revisions\/11519"}],"wp:attachment":[{"href":"https:\/\/rotopile.com\/pt-pt\/wp-json\/wp\/v2\/media?parent=11018"}],"curies":[{"name":"wp","href":"https:\/\/api.w.org\/{rel}","templated":true}]}}