{"id":11006,"date":"2022-05-22T14:12:29","date_gmt":"2022-05-22T14:12:29","guid":{"rendered":"https:\/\/rotopile.com\/earth-drills-and-other-installation-equipment\/"},"modified":"2025-03-10T20:02:26","modified_gmt":"2025-03-10T20:02:26","slug":"perfuradoras-e-outros-equipamentos-de-instalacao","status":"publish","type":"page","link":"https:\/\/rotopile.com\/pt-pt\/perfuradoras-e-outros-equipamentos-de-instalacao\/","title":{"rendered":"Perfuradoras E Outros Equipamentos de instala\u00e7\u00e3o\u00a0"},"content":{"rendered":"\t\t<div data-elementor-type=\"wp-page\" data-elementor-id=\"11006\" class=\"elementor elementor-11006 elementor-8976\" data-elementor-post-type=\"page\">\n\t\t\t\t\t\t<section data-particle_enable=\"false\" data-particle-mobile-disabled=\"false\" class=\"elementor-section elementor-top-section elementor-element elementor-element-023dc2e elementor-section-full_width elementor-section-height-min-height elementor-section-content-middle elementor-section-stretched elementor-section-height-default elementor-section-items-middle qodef-elementor-content-no\" data-id=\"023dc2e\" data-element_type=\"section\" data-e-type=\"section\" data-settings=\"{&quot;stretch_section&quot;:&quot;section-stretched&quot;,&quot;background_background&quot;:&quot;classic&quot;,&quot;background_motion_fx_motion_fx_scrolling&quot;:&quot;yes&quot;,&quot;background_motion_fx_devices&quot;:[&quot;desktop&quot;,&quot;tablet&quot;,&quot;mobile&quot;]}\">\n\t\t\t\t\t\t<div class=\"elementor-container elementor-column-gap-default\">\n\t\t\t\t\t<div class=\"elementor-column elementor-col-100 elementor-top-column elementor-element elementor-element-6c64fb9\" data-id=\"6c64fb9\" data-element_type=\"column\" data-e-type=\"column\">\n\t\t\t<div class=\"elementor-widget-wrap\">\n\t\t\t\t\t\t\t<\/div>\n\t\t<\/div>\n\t\t\t\t\t<\/div>\n\t\t<\/section>\n\t\t\t\t<section data-particle_enable=\"false\" data-particle-mobile-disabled=\"false\" class=\"elementor-section elementor-top-section elementor-element elementor-element-0d34e93 elementor-section-boxed elementor-section-height-default elementor-section-height-default qodef-elementor-content-no\" data-id=\"0d34e93\" data-element_type=\"section\" data-e-type=\"section\">\n\t\t\t\t\t\t<div class=\"elementor-container elementor-column-gap-default\">\n\t\t\t\t\t<div class=\"elementor-column elementor-col-50 elementor-top-column elementor-element elementor-element-db27299\" data-id=\"db27299\" data-element_type=\"column\" data-e-type=\"column\">\n\t\t\t<div class=\"elementor-widget-wrap elementor-element-populated\">\n\t\t\t\t\t\t<div class=\"elementor-element elementor-element-8f89a05 elementor-widget elementor-widget-stal_core_section_title\" data-id=\"8f89a05\" data-element_type=\"widget\" data-e-type=\"widget\" data-widget_type=\"stal_core_section_title.default\">\n\t\t\t\t<div class=\"elementor-widget-container\">\n\t\t\t\t\t<div class=\"qodef-shortcode qodef-m qodef-section-title qodef-alignment--left\">\n\t\t<div class=\"qodef-m-title-wrap\">\n\t\t<h3 class=\"qodef-m-title\" >\n\t\t\t\t\tPerfuradoras e outros equipamentos de instala\u00e7\u00e3o\t\t\t<\/h3>\n\t\n\t<\/div>\n\t<\/div>\t\t\t\t<\/div>\n\t\t\t\t<\/div>\n\t\t\t\t<div class=\"elementor-element elementor-element-7c64600 elementor-widget elementor-widget-text-editor\" data-id=\"7c64600\" data-element_type=\"widget\" data-e-type=\"widget\" data-widget_type=\"text-editor.default\">\n\t\t\t\t<div class=\"elementor-widget-container\">\n\t\t\t\t\t\t\t\t\t<p>Est\u00e1 na edifica\u00e7\u00e3o e constru\u00e7\u00e3o? Precisa de equipamentos?<\/p>\n<p>Na Rotopile teremos todo o prazer em alugar ou fornecer todo o equipamento de instala\u00e7\u00e3o que necessita para tornar o seu um sucesso! Temos uma ampla gama de equipamentos dispon\u00edveis para si sob pedido a pre\u00e7os acess\u00edveis.<\/p>\n<p>Temos unidades de rota\u00e7\u00e3o, adaptadores, engates de ber\u00e7o, bra\u00e7os telesc\u00f3picos e todas as ferramentas necess\u00e1rias para instala\u00e7\u00e3o de estacas helicoidais.<\/p>\n<p>N\u00e3o hesite em contactar-nos se for uma empresa de movimenta\u00e7\u00e3o de terras ou de geotecnia e funda\u00e7\u00f5es na Europa e estiver interessado em estacas helicoidais ROTOPILE. Gostar\u00edamos de lhe fornecer equipamento e ferramentas para a instala\u00e7\u00e3o das estacas helicoidais. A nossa equipa tamb\u00e9m pode fornecer forma\u00e7\u00e3o na instala\u00e7\u00e3o e suporte durante o projeto.<\/p>\t\t\t\t\t\t\t\t<\/div>\n\t\t\t\t<\/div>\n\t\t\t\t\t<\/div>\n\t\t<\/div>\n\t\t\t\t<div class=\"elementor-column elementor-col-50 elementor-top-column elementor-element elementor-element-22305a6\" data-id=\"22305a6\" data-element_type=\"column\" data-e-type=\"column\">\n\t\t\t<div class=\"elementor-widget-wrap elementor-element-populated\">\n\t\t\t\t\t\t<div class=\"elementor-element elementor-element-00dfc45 elementor-widget elementor-widget-image\" data-id=\"00dfc45\" data-element_type=\"widget\" data-e-type=\"widget\" data-widget_type=\"image.default\">\n\t\t\t\t<div class=\"elementor-widget-container\">\n\t\t\t\t\t\t\t\t\t\t\t\t\t\t\t<img fetchpriority=\"high\" decoding=\"async\" width=\"700\" height=\"520\" src=\"https:\/\/rotopile.com\/wp-content\/uploads\/2022\/05\/\u03a3\u03c7\u03ad\u03b4\u03b9\u03bf-\u03c7\u03c9\u03c1\u03af\u03c2-\u03c4\u03af\u03c4\u03bb\u03bf-2022-05-22T172817.009.png\" class=\"attachment-full size-full wp-image-10858\" alt=\"\" srcset=\"https:\/\/rotopile.com\/wp-content\/uploads\/2022\/05\/\u03a3\u03c7\u03ad\u03b4\u03b9\u03bf-\u03c7\u03c9\u03c1\u03af\u03c2-\u03c4\u03af\u03c4\u03bb\u03bf-2022-05-22T172817.009.png 700w, https:\/\/rotopile.com\/wp-content\/uploads\/2022\/05\/\u03a3\u03c7\u03ad\u03b4\u03b9\u03bf-\u03c7\u03c9\u03c1\u03af\u03c2-\u03c4\u03af\u03c4\u03bb\u03bf-2022-05-22T172817.009-300x223.png 300w\" sizes=\"(max-width: 700px) 100vw, 700px\" \/>\t\t\t\t\t\t\t\t\t\t\t\t\t\t\t<\/div>\n\t\t\t\t<\/div>\n\t\t\t\t\t<\/div>\n\t\t<\/div>\n\t\t\t\t\t<\/div>\n\t\t<\/section>\n\t\t\t\t<section data-particle_enable=\"false\" data-particle-mobile-disabled=\"false\" class=\"elementor-section elementor-top-section elementor-element elementor-element-8b02379 elementor-reverse-tablet elementor-reverse-mobile elementor-section-boxed elementor-section-height-default elementor-section-height-default qodef-elementor-content-no\" data-id=\"8b02379\" data-element_type=\"section\" data-e-type=\"section\">\n\t\t\t\t\t\t<div class=\"elementor-container elementor-column-gap-default\">\n\t\t\t\t\t<div class=\"elementor-column elementor-col-50 elementor-top-column elementor-element elementor-element-b0944eb\" data-id=\"b0944eb\" data-element_type=\"column\" data-e-type=\"column\">\n\t\t\t<div class=\"elementor-widget-wrap elementor-element-populated\">\n\t\t\t\t\t\t<div class=\"elementor-element elementor-element-71bd859 elementor-widget elementor-widget-image\" data-id=\"71bd859\" data-element_type=\"widget\" data-e-type=\"widget\" data-widget_type=\"image.default\">\n\t\t\t\t<div class=\"elementor-widget-container\">\n\t\t\t\t\t\t\t\t\t\t\t\t\t\t\t<img decoding=\"async\" width=\"1920\" height=\"2560\" src=\"https:\/\/rotopile.com\/wp-content\/uploads\/2022\/09\/JxlePfnQ-scaled.jpeg\" class=\"attachment-full size-full wp-image-10872\" alt=\"\" srcset=\"https:\/\/rotopile.com\/wp-content\/uploads\/2022\/09\/JxlePfnQ-scaled.jpeg 1920w, https:\/\/rotopile.com\/wp-content\/uploads\/2022\/09\/JxlePfnQ-225x300.jpeg 225w, https:\/\/rotopile.com\/wp-content\/uploads\/2022\/09\/JxlePfnQ-768x1024.jpeg 768w, https:\/\/rotopile.com\/wp-content\/uploads\/2022\/09\/JxlePfnQ-1152x1536.jpeg 1152w, https:\/\/rotopile.com\/wp-content\/uploads\/2022\/09\/JxlePfnQ-1536x2048.jpeg 1536w\" sizes=\"(max-width: 1920px) 100vw, 1920px\" \/>\t\t\t\t\t\t\t\t\t\t\t\t\t\t\t<\/div>\n\t\t\t\t<\/div>\n\t\t\t\t\t<\/div>\n\t\t<\/div>\n\t\t\t\t<div class=\"elementor-column elementor-col-50 elementor-top-column elementor-element elementor-element-d310f62\" data-id=\"d310f62\" data-element_type=\"column\" data-e-type=\"column\">\n\t\t\t<div class=\"elementor-widget-wrap elementor-element-populated\">\n\t\t\t\t\t\t<div class=\"elementor-element elementor-element-081c207 elementor-widget elementor-widget-text-editor\" data-id=\"081c207\" data-element_type=\"widget\" data-e-type=\"widget\" data-widget_type=\"text-editor.default\">\n\t\t\t\t<div class=\"elementor-widget-container\">\n\t\t\t\t\t\t\t\t\tPor favor, entre em contato connosco se voc\u00ea possui uma empresa de terraplanagem ou estacas na Europa e tem interesse em representar e instalar Estacas Helicoidais Rotopile. Podemos fornecer os equipamentos necess\u00e1rios, como unidades de rota\u00e7\u00e3o para perfura\u00e7\u00e3o do solo, e outras ferramentas para a instala\u00e7\u00e3o das estacas helicoidais, al\u00e9m de oferecer forma\u00e7\u00e3o e suporte de nossa equipe.\t\t\t\t\t\t\t\t<\/div>\n\t\t\t\t<\/div>\n\t\t\t\t<div class=\"elementor-element elementor-element-e91f5f3 elementor-widget elementor-widget-stal_core_button\" data-id=\"e91f5f3\" data-element_type=\"widget\" data-e-type=\"widget\" data-widget_type=\"stal_core_button.default\">\n\t\t\t\t<div class=\"elementor-widget-container\">\n\t\t\t\t\t<a class=\"qodef-shortcode qodef-m qodef-button qodef-layout--filled qodef-html--link\" href=\"https:\/\/rotopile.com\/contact-us\/\" target=\"_self\"  >\n\t<span class=\"qodef-m-text\">\n        ENTRE EM CONTATO CONNOSCO        <svg class=\"qodef-m-arrowline\" xmlns=\"http:\/\/www.w3.org\/2000\/svg\" xmlns:xlink=\"http:\/\/www.w3.org\/1999\/xlink\" x=\"0px\" y=\"0px\" viewBox=\"0 0 63 20\" xml:space=\"preserve\">\n                            <line x1=\"61.6\" y1=\"10\" x2=\"61.6\" y2=\"10\"\/>\n                            <line x1=\"62\" y1=\"10\" x2=\"61.6\" y2=\"10\"\/>\n                            <line x1=\"61.6\" y1=\"10\" x2=\"1\" y2=\"10\"\/>\n                            <path d=\"M61.6,10\"\/>\n                            <line x1=\"61.6\" y1=\"10\" x2=\"61.6\" y2=\"10\"\/>\n                            <line class=\"arrow-up\" x1=\"56.7\" y1=\"5.1\" x2=\"61.6\" y2=\"10\"\/>\n                            <path d=\"M61.6,10\"\/>\n                            <line x1=\"61.6\" y1=\"10\" x2=\"61.6\" y2=\"10\"\/>\n                            <line class=\"arrow-down\" x1=\"61.6\" y1=\"10\" x2=\"56.7\" y2=\"14.9\"\/>\n                        <\/svg>    <\/span>\n<\/a>\t\t\t\t<\/div>\n\t\t\t\t<\/div>\n\t\t\t\t\t<\/div>\n\t\t<\/div>\n\t\t\t\t\t<\/div>\n\t\t<\/section>\n\t\t\t\t<section data-particle_enable=\"false\" data-particle-mobile-disabled=\"false\" class=\"elementor-section elementor-top-section elementor-element elementor-element-20db618 elementor-section-boxed elementor-section-height-default elementor-section-height-default qodef-elementor-content-no\" data-id=\"20db618\" data-element_type=\"section\" data-e-type=\"section\">\n\t\t\t\t\t\t<div class=\"elementor-container elementor-column-gap-default\">\n\t\t\t\t\t<div class=\"elementor-column elementor-col-100 elementor-top-column elementor-element elementor-element-2360017\" data-id=\"2360017\" data-element_type=\"column\" data-e-type=\"column\">\n\t\t\t<div class=\"elementor-widget-wrap elementor-element-populated\">\n\t\t\t\t\t\t<div class=\"elementor-element elementor-element-7ae372f elementor-widget elementor-widget-global elementor-global-11483 elementor-widget-image\" data-id=\"7ae372f\" data-element_type=\"widget\" data-e-type=\"widget\" data-widget_type=\"image.default\">\n\t\t\t\t<div class=\"elementor-widget-container\">\n\t\t\t\t\t\t\t\t\t\t\t\t\t\t\t<img decoding=\"async\" width=\"12177\" height=\"2487\" src=\"https:\/\/rotopile.com\/wp-content\/uploads\/2025\/03\/ALENTEJO2030_BarraCofinan_Ass.png\" class=\"attachment-full size-full wp-image-11473\" alt=\"\" srcset=\"https:\/\/rotopile.com\/wp-content\/uploads\/2025\/03\/ALENTEJO2030_BarraCofinan_Ass.png 12177w, https:\/\/rotopile.com\/wp-content\/uploads\/2025\/03\/ALENTEJO2030_BarraCofinan_Ass-300x61.png 300w, https:\/\/rotopile.com\/wp-content\/uploads\/2025\/03\/ALENTEJO2030_BarraCofinan_Ass-1024x209.png 1024w, https:\/\/rotopile.com\/wp-content\/uploads\/2025\/03\/ALENTEJO2030_BarraCofinan_Ass-768x157.png 768w, https:\/\/rotopile.com\/wp-content\/uploads\/2025\/03\/ALENTEJO2030_BarraCofinan_Ass-1536x314.png 1536w, https:\/\/rotopile.com\/wp-content\/uploads\/2025\/03\/ALENTEJO2030_BarraCofinan_Ass-2048x418.png 2048w\" sizes=\"(max-width: 12177px) 100vw, 12177px\" \/>\t\t\t\t\t\t\t\t\t\t\t\t\t\t\t<\/div>\n\t\t\t\t<\/div>\n\t\t\t\t\t<\/div>\n\t\t<\/div>\n\t\t\t\t\t<\/div>\n\t\t<\/section>\n\t\t\t\t<\/div>\n\t\t","protected":false},"excerpt":{"rendered":"<p>Perfuradoras e outros equipamentos de instala\u00e7\u00e3o Est\u00e1 na edifica\u00e7\u00e3o e constru\u00e7\u00e3o? Precisa de equipamentos? Na Rotopile teremos todo o prazer em alugar ou fornecer todo o equipamento de instala\u00e7\u00e3o que necessita para tornar o seu um sucesso! Temos uma ampla gama de equipamentos dispon\u00edveis para si sob pedido a pre\u00e7os acess\u00edveis. Temos unidades de rota\u00e7\u00e3o, [&hellip;]<\/p>\n","protected":false},"author":1,"featured_media":0,"parent":0,"menu_order":0,"comment_status":"closed","ping_status":"closed","template":"page-full-width.php","meta":{"footnotes":""},"class_list":["post-11006","page","type-page","status-publish","hentry"],"yoast_head":"<!-- This site is optimized with the Yoast SEO plugin v27.4 - https:\/\/yoast.com\/product\/yoast-seo-wordpress\/ -->\n<title>Perfuradoras E Outros Equipamentos de instala\u00e7\u00e3o\u00a0 | Rotopile<\/title>\n<meta name=\"robots\" content=\"index, follow, max-snippet:-1, max-image-preview:large, max-video-preview:-1\" \/>\n<link rel=\"canonical\" href=\"https:\/\/rotopile.com\/pt-pt\/perfuradoras-e-outros-equipamentos-de-instalacao\/\" \/>\n<meta property=\"og:locale\" content=\"pt_PT\" \/>\n<meta property=\"og:type\" content=\"article\" \/>\n<meta property=\"og:title\" content=\"Perfuradoras E Outros Equipamentos de instala\u00e7\u00e3o\u00a0 | Rotopile\" \/>\n<meta property=\"og:description\" content=\"Perfuradoras e outros equipamentos de instala\u00e7\u00e3o Est\u00e1 na edifica\u00e7\u00e3o e constru\u00e7\u00e3o? Precisa de equipamentos? Na Rotopile teremos todo o prazer em alugar ou fornecer todo o equipamento de instala\u00e7\u00e3o que necessita para tornar o seu um sucesso! Temos uma ampla gama de equipamentos dispon\u00edveis para si sob pedido a pre\u00e7os acess\u00edveis. Temos unidades de rota\u00e7\u00e3o, [&hellip;]\" \/>\n<meta property=\"og:url\" content=\"https:\/\/rotopile.com\/pt-pt\/perfuradoras-e-outros-equipamentos-de-instalacao\/\" \/>\n<meta property=\"og:site_name\" content=\"Rotopile\" \/>\n<meta property=\"article:publisher\" content=\"https:\/\/www.facebook.com\/rotopile\" \/>\n<meta property=\"article:modified_time\" content=\"2025-03-10T20:02:26+00:00\" \/>\n<meta property=\"og:image\" content=\"https:\/\/rotopile.com\/wp-content\/uploads\/2022\/09\/JxlePfnQ-scaled.jpeg\" \/>\n<meta name=\"twitter:card\" content=\"summary_large_image\" \/>\n<meta name=\"twitter:label1\" content=\"Tempo estimado de leitura\" \/>\n\t<meta name=\"twitter:data1\" content=\"2 minutos\" \/>\n<script type=\"application\/ld+json\" class=\"yoast-schema-graph\">{\"@context\":\"https:\\\/\\\/schema.org\",\"@graph\":[{\"@type\":\"WebPage\",\"@id\":\"https:\\\/\\\/rotopile.com\\\/pt-pt\\\/perfuradoras-e-outros-equipamentos-de-instalacao\\\/\",\"url\":\"https:\\\/\\\/rotopile.com\\\/pt-pt\\\/perfuradoras-e-outros-equipamentos-de-instalacao\\\/\",\"name\":\"Perfuradoras E Outros Equipamentos de instala\u00e7\u00e3o\u00a0 | Rotopile\",\"isPartOf\":{\"@id\":\"https:\\\/\\\/rotopile.com\\\/#website\"},\"primaryImageOfPage\":{\"@id\":\"https:\\\/\\\/rotopile.com\\\/pt-pt\\\/perfuradoras-e-outros-equipamentos-de-instalacao\\\/#primaryimage\"},\"image\":{\"@id\":\"https:\\\/\\\/rotopile.com\\\/pt-pt\\\/perfuradoras-e-outros-equipamentos-de-instalacao\\\/#primaryimage\"},\"thumbnailUrl\":\"https:\\\/\\\/rotopile.com\\\/wp-content\\\/uploads\\\/2022\\\/09\\\/JxlePfnQ-scaled.jpeg\",\"datePublished\":\"2022-05-22T14:12:29+00:00\",\"dateModified\":\"2025-03-10T20:02:26+00:00\",\"breadcrumb\":{\"@id\":\"https:\\\/\\\/rotopile.com\\\/pt-pt\\\/perfuradoras-e-outros-equipamentos-de-instalacao\\\/#breadcrumb\"},\"inLanguage\":\"pt-PT\",\"potentialAction\":[{\"@type\":\"ReadAction\",\"target\":[\"https:\\\/\\\/rotopile.com\\\/pt-pt\\\/perfuradoras-e-outros-equipamentos-de-instalacao\\\/\"]}]},{\"@type\":\"ImageObject\",\"inLanguage\":\"pt-PT\",\"@id\":\"https:\\\/\\\/rotopile.com\\\/pt-pt\\\/perfuradoras-e-outros-equipamentos-de-instalacao\\\/#primaryimage\",\"url\":\"https:\\\/\\\/rotopile.com\\\/wp-content\\\/uploads\\\/2022\\\/09\\\/JxlePfnQ-scaled.jpeg\",\"contentUrl\":\"https:\\\/\\\/rotopile.com\\\/wp-content\\\/uploads\\\/2022\\\/09\\\/JxlePfnQ-scaled.jpeg\"},{\"@type\":\"BreadcrumbList\",\"@id\":\"https:\\\/\\\/rotopile.com\\\/pt-pt\\\/perfuradoras-e-outros-equipamentos-de-instalacao\\\/#breadcrumb\",\"itemListElement\":[{\"@type\":\"ListItem\",\"position\":1,\"name\":\"Home\",\"item\":\"https:\\\/\\\/rotopile.com\\\/pt-pt\\\/\"},{\"@type\":\"ListItem\",\"position\":2,\"name\":\"Perfuradoras E Outros Equipamentos de instala\u00e7\u00e3o\u00a0\"}]},{\"@type\":\"WebSite\",\"@id\":\"https:\\\/\\\/rotopile.com\\\/#website\",\"url\":\"https:\\\/\\\/rotopile.com\\\/\",\"name\":\"Rotopile\",\"description\":\"\",\"publisher\":{\"@id\":\"https:\\\/\\\/rotopile.com\\\/#organization\"},\"potentialAction\":[{\"@type\":\"SearchAction\",\"target\":{\"@type\":\"EntryPoint\",\"urlTemplate\":\"https:\\\/\\\/rotopile.com\\\/?s={search_term_string}\"},\"query-input\":{\"@type\":\"PropertyValueSpecification\",\"valueRequired\":true,\"valueName\":\"search_term_string\"}}],\"inLanguage\":\"pt-PT\"},{\"@type\":\"Organization\",\"@id\":\"https:\\\/\\\/rotopile.com\\\/#organization\",\"name\":\"Rotopile\",\"url\":\"https:\\\/\\\/rotopile.com\\\/\",\"logo\":{\"@type\":\"ImageObject\",\"inLanguage\":\"pt-PT\",\"@id\":\"https:\\\/\\\/rotopile.com\\\/#\\\/schema\\\/logo\\\/image\\\/\",\"url\":\"https:\\\/\\\/rotopile.com\\\/wp-content\\\/uploads\\\/2022\\\/03\\\/-\u03c7\u03c9\u03c1\u03af\u03c2-\u03c4\u03af\u03c4\u03bb\u03bf-2022-03-25T144637.566-e1648212500790.png\",\"contentUrl\":\"https:\\\/\\\/rotopile.com\\\/wp-content\\\/uploads\\\/2022\\\/03\\\/-\u03c7\u03c9\u03c1\u03af\u03c2-\u03c4\u03af\u03c4\u03bb\u03bf-2022-03-25T144637.566-e1648212500790.png\",\"width\":1080,\"height\":407,\"caption\":\"Rotopile\"},\"image\":{\"@id\":\"https:\\\/\\\/rotopile.com\\\/#\\\/schema\\\/logo\\\/image\\\/\"},\"sameAs\":[\"https:\\\/\\\/www.facebook.com\\\/rotopile\",\"https:\\\/\\\/www.youtube.com\\\/channel\\\/UCPkGwnie36b8CsNvHhCdAcQ\",\"https:\\\/\\\/www.instagram.com\\\/rotopile\\\/\",\"https:\\\/\\\/www.linkedin.com\\\/company\\\/rotopile\\\/\"]}]}<\/script>\n<!-- \/ Yoast SEO plugin. -->","yoast_head_json":{"title":"Perfuradoras E Outros Equipamentos de instala\u00e7\u00e3o\u00a0 | Rotopile","robots":{"index":"index","follow":"follow","max-snippet":"max-snippet:-1","max-image-preview":"max-image-preview:large","max-video-preview":"max-video-preview:-1"},"canonical":"https:\/\/rotopile.com\/pt-pt\/perfuradoras-e-outros-equipamentos-de-instalacao\/","og_locale":"pt_PT","og_type":"article","og_title":"Perfuradoras E Outros Equipamentos de instala\u00e7\u00e3o\u00a0 | Rotopile","og_description":"Perfuradoras e outros equipamentos de instala\u00e7\u00e3o Est\u00e1 na edifica\u00e7\u00e3o e constru\u00e7\u00e3o? Precisa de equipamentos? Na Rotopile teremos todo o prazer em alugar ou fornecer todo o equipamento de instala\u00e7\u00e3o que necessita para tornar o seu um sucesso! Temos uma ampla gama de equipamentos dispon\u00edveis para si sob pedido a pre\u00e7os acess\u00edveis. Temos unidades de rota\u00e7\u00e3o, [&hellip;]","og_url":"https:\/\/rotopile.com\/pt-pt\/perfuradoras-e-outros-equipamentos-de-instalacao\/","og_site_name":"Rotopile","article_publisher":"https:\/\/www.facebook.com\/rotopile","article_modified_time":"2025-03-10T20:02:26+00:00","og_image":[{"url":"https:\/\/rotopile.com\/wp-content\/uploads\/2022\/09\/JxlePfnQ-scaled.jpeg","type":"","width":"","height":""}],"twitter_card":"summary_large_image","twitter_misc":{"Tempo estimado de leitura":"2 minutos"},"schema":{"@context":"https:\/\/schema.org","@graph":[{"@type":"WebPage","@id":"https:\/\/rotopile.com\/pt-pt\/perfuradoras-e-outros-equipamentos-de-instalacao\/","url":"https:\/\/rotopile.com\/pt-pt\/perfuradoras-e-outros-equipamentos-de-instalacao\/","name":"Perfuradoras E Outros Equipamentos de instala\u00e7\u00e3o\u00a0 | Rotopile","isPartOf":{"@id":"https:\/\/rotopile.com\/#website"},"primaryImageOfPage":{"@id":"https:\/\/rotopile.com\/pt-pt\/perfuradoras-e-outros-equipamentos-de-instalacao\/#primaryimage"},"image":{"@id":"https:\/\/rotopile.com\/pt-pt\/perfuradoras-e-outros-equipamentos-de-instalacao\/#primaryimage"},"thumbnailUrl":"https:\/\/rotopile.com\/wp-content\/uploads\/2022\/09\/JxlePfnQ-scaled.jpeg","datePublished":"2022-05-22T14:12:29+00:00","dateModified":"2025-03-10T20:02:26+00:00","breadcrumb":{"@id":"https:\/\/rotopile.com\/pt-pt\/perfuradoras-e-outros-equipamentos-de-instalacao\/#breadcrumb"},"inLanguage":"pt-PT","potentialAction":[{"@type":"ReadAction","target":["https:\/\/rotopile.com\/pt-pt\/perfuradoras-e-outros-equipamentos-de-instalacao\/"]}]},{"@type":"ImageObject","inLanguage":"pt-PT","@id":"https:\/\/rotopile.com\/pt-pt\/perfuradoras-e-outros-equipamentos-de-instalacao\/#primaryimage","url":"https:\/\/rotopile.com\/wp-content\/uploads\/2022\/09\/JxlePfnQ-scaled.jpeg","contentUrl":"https:\/\/rotopile.com\/wp-content\/uploads\/2022\/09\/JxlePfnQ-scaled.jpeg"},{"@type":"BreadcrumbList","@id":"https:\/\/rotopile.com\/pt-pt\/perfuradoras-e-outros-equipamentos-de-instalacao\/#breadcrumb","itemListElement":[{"@type":"ListItem","position":1,"name":"Home","item":"https:\/\/rotopile.com\/pt-pt\/"},{"@type":"ListItem","position":2,"name":"Perfuradoras E Outros Equipamentos de instala\u00e7\u00e3o\u00a0"}]},{"@type":"WebSite","@id":"https:\/\/rotopile.com\/#website","url":"https:\/\/rotopile.com\/","name":"Rotopile","description":"","publisher":{"@id":"https:\/\/rotopile.com\/#organization"},"potentialAction":[{"@type":"SearchAction","target":{"@type":"EntryPoint","urlTemplate":"https:\/\/rotopile.com\/?s={search_term_string}"},"query-input":{"@type":"PropertyValueSpecification","valueRequired":true,"valueName":"search_term_string"}}],"inLanguage":"pt-PT"},{"@type":"Organization","@id":"https:\/\/rotopile.com\/#organization","name":"Rotopile","url":"https:\/\/rotopile.com\/","logo":{"@type":"ImageObject","inLanguage":"pt-PT","@id":"https:\/\/rotopile.com\/#\/schema\/logo\/image\/","url":"https:\/\/rotopile.com\/wp-content\/uploads\/2022\/03\/-\u03c7\u03c9\u03c1\u03af\u03c2-\u03c4\u03af\u03c4\u03bb\u03bf-2022-03-25T144637.566-e1648212500790.png","contentUrl":"https:\/\/rotopile.com\/wp-content\/uploads\/2022\/03\/-\u03c7\u03c9\u03c1\u03af\u03c2-\u03c4\u03af\u03c4\u03bb\u03bf-2022-03-25T144637.566-e1648212500790.png","width":1080,"height":407,"caption":"Rotopile"},"image":{"@id":"https:\/\/rotopile.com\/#\/schema\/logo\/image\/"},"sameAs":["https:\/\/www.facebook.com\/rotopile","https:\/\/www.youtube.com\/channel\/UCPkGwnie36b8CsNvHhCdAcQ","https:\/\/www.instagram.com\/rotopile\/","https:\/\/www.linkedin.com\/company\/rotopile\/"]}]}},"_links":{"self":[{"href":"https:\/\/rotopile.com\/pt-pt\/wp-json\/wp\/v2\/pages\/11006","targetHints":{"allow":["GET"]}}],"collection":[{"href":"https:\/\/rotopile.com\/pt-pt\/wp-json\/wp\/v2\/pages"}],"about":[{"href":"https:\/\/rotopile.com\/pt-pt\/wp-json\/wp\/v2\/types\/page"}],"author":[{"embeddable":true,"href":"https:\/\/rotopile.com\/pt-pt\/wp-json\/wp\/v2\/users\/1"}],"replies":[{"embeddable":true,"href":"https:\/\/rotopile.com\/pt-pt\/wp-json\/wp\/v2\/comments?post=11006"}],"version-history":[{"count":5,"href":"https:\/\/rotopile.com\/pt-pt\/wp-json\/wp\/v2\/pages\/11006\/revisions"}],"predecessor-version":[{"id":11510,"href":"https:\/\/rotopile.com\/pt-pt\/wp-json\/wp\/v2\/pages\/11006\/revisions\/11510"}],"wp:attachment":[{"href":"https:\/\/rotopile.com\/pt-pt\/wp-json\/wp\/v2\/media?parent=11006"}],"curies":[{"name":"wp","href":"https:\/\/api.w.org\/{rel}","templated":true}]}}