{"id":10960,"date":"2022-05-22T13:33:17","date_gmt":"2022-05-22T13:33:17","guid":{"rendered":"https:\/\/rotopile.com\/about-us-2\/"},"modified":"2025-03-10T20:07:34","modified_gmt":"2025-03-10T20:07:34","slug":"sobre-nos","status":"publish","type":"page","link":"https:\/\/rotopile.com\/pt-pt\/sobre-nos\/","title":{"rendered":"Sobre N\u00f3s"},"content":{"rendered":"\t\t<div data-elementor-type=\"wp-page\" data-elementor-id=\"10960\" class=\"elementor elementor-10960 elementor-8934\" data-elementor-post-type=\"page\">\n\t\t\t\t\t\t<section data-particle_enable=\"false\" data-particle-mobile-disabled=\"false\" class=\"elementor-section elementor-top-section elementor-element elementor-element-e574e8c elementor-section-full_width elementor-section-height-min-height elementor-section-height-default elementor-section-items-middle qodef-elementor-content-no\" data-id=\"e574e8c\" data-element_type=\"section\" data-e-type=\"section\">\n\t\t\t\t\t\t<div class=\"elementor-container elementor-column-gap-default\">\n\t\t\t\t\t<div class=\"elementor-column elementor-col-100 elementor-top-column elementor-element elementor-element-f65c4e7\" data-id=\"f65c4e7\" data-element_type=\"column\" data-e-type=\"column\">\n\t\t\t<div class=\"elementor-widget-wrap elementor-element-populated\">\n\t\t\t\t\t\t<div class=\"elementor-element elementor-element-0cb4a03 elementor-hidden-tablet elementor-hidden-mobile elementor-widget elementor-widget-spacer\" data-id=\"0cb4a03\" data-element_type=\"widget\" data-e-type=\"widget\" data-widget_type=\"spacer.default\">\n\t\t\t\t<div class=\"elementor-widget-container\">\n\t\t\t\t\t\t\t<div class=\"elementor-spacer\">\n\t\t\t<div class=\"elementor-spacer-inner\"><\/div>\n\t\t<\/div>\n\t\t\t\t\t\t<\/div>\n\t\t\t\t<\/div>\n\t\t\t\t\t<\/div>\n\t\t<\/div>\n\t\t\t\t\t<\/div>\n\t\t<\/section>\n\t\t\t\t<section data-particle_enable=\"false\" data-particle-mobile-disabled=\"false\" class=\"elementor-section elementor-top-section elementor-element elementor-element-a92cf62 elementor-section-full_width elementor-section-height-default elementor-section-height-default qodef-elementor-content-no\" data-id=\"a92cf62\" data-element_type=\"section\" data-e-type=\"section\">\n\t\t\t\t\t\t<div class=\"elementor-container elementor-column-gap-default\">\n\t\t\t\t\t<div class=\"elementor-column elementor-col-50 elementor-top-column elementor-element elementor-element-7909c8d\" data-id=\"7909c8d\" data-element_type=\"column\" data-e-type=\"column\" data-settings=\"{&quot;background_background&quot;:&quot;classic&quot;}\">\n\t\t\t<div class=\"elementor-widget-wrap elementor-element-populated\">\n\t\t\t\t\t\t<div class=\"elementor-element elementor-element-37e0951 elementor-widget elementor-widget-spacer\" data-id=\"37e0951\" data-element_type=\"widget\" data-e-type=\"widget\" data-widget_type=\"spacer.default\">\n\t\t\t\t<div class=\"elementor-widget-container\">\n\t\t\t\t\t\t\t<div class=\"elementor-spacer\">\n\t\t\t<div class=\"elementor-spacer-inner\"><\/div>\n\t\t<\/div>\n\t\t\t\t\t\t<\/div>\n\t\t\t\t<\/div>\n\t\t\t\t\t<\/div>\n\t\t<\/div>\n\t\t\t\t<div class=\"elementor-column elementor-col-50 elementor-top-column elementor-element elementor-element-61b0a55\" data-id=\"61b0a55\" data-element_type=\"column\" data-e-type=\"column\">\n\t\t\t<div class=\"elementor-widget-wrap elementor-element-populated\">\n\t\t\t\t\t\t<div class=\"elementor-element elementor-element-f25261a elementor-widget elementor-widget-stal_core_section_title\" data-id=\"f25261a\" data-element_type=\"widget\" data-e-type=\"widget\" data-widget_type=\"stal_core_section_title.default\">\n\t\t\t\t<div class=\"elementor-widget-container\">\n\t\t\t\t\t<div class=\"qodef-shortcode qodef-m qodef-section-title qodef-alignment--left\">\n\t\t<div class=\"qodef-m-title-wrap\">\n\t\t<h2 class=\"qodef-m-title\" >\n\t\t\t\t\tSobre N\u00f3s\t\t\t<\/h2>\n\t\n\t<\/div>\n\t\t<p class=\"qodef-m-text\" style=\"font-size: 17px;line-height: 30px;color: #1E1E1E\">A Paalupiste, a maior fabricante de estacas helicoidais da Europa e a Geocontrole, empresa l\u00edder em engenharia geot\u00e9cnica em Portugal, uniram for\u00e7as e criaram a Rotopile. A combina\u00e7\u00e3o perfeita da profici\u00eancia da Paalupiste na fabrica\u00e7\u00e3o e instala\u00e7\u00e3o das estacas helicoidais com a habilidade em engenharia da Geocontrole permite \u00e0 Rotopile executar com sucesso projetos na Europa, M\u00e9dio Oriente, Portugal, Brasil e Mo\u00e7ambique. Rotopile \u00e9 a empresa l\u00edder em estacas helicoidais na Europa, com mais de 200 especialistas geot\u00e9cnicos. O nosso servi\u00e7o de funda\u00e7\u00f5es com estacas helicoidais \u00e9 um c\u00edrculo \u2013 fabrica\u00e7\u00e3o, projeto, instala\u00e7\u00e3o e consultoria.<\/p>\n<\/div>\t\t\t\t<\/div>\n\t\t\t\t<\/div>\n\t\t\t\t<div class=\"elementor-element elementor-element-d02c27d elementor-widget elementor-widget-stal_core_section_title\" data-id=\"d02c27d\" data-element_type=\"widget\" data-e-type=\"widget\" data-widget_type=\"stal_core_section_title.default\">\n\t\t\t\t<div class=\"elementor-widget-container\">\n\t\t\t\t\t<div class=\"qodef-shortcode qodef-m qodef-section-title qodef-alignment--left\">\n\t\t\t<p class=\"qodef-m-text\" style=\"margin-top: 0px;font-size: 17px;line-height: 30px;color: #1E1E1E\">Nenhum projeto \u00e9 demasiado grande para n\u00f3s, nem nenhum projeto \u00e9 demasiado pequenos para valorizarmos.<\/p>\n<\/div>\t\t\t\t<\/div>\n\t\t\t\t<\/div>\n\t\t\t\t\t<\/div>\n\t\t<\/div>\n\t\t\t\t\t<\/div>\n\t\t<\/section>\n\t\t\t\t<section data-particle_enable=\"false\" data-particle-mobile-disabled=\"false\" class=\"elementor-section elementor-top-section elementor-element elementor-element-2cca1cb elementor-section-full_width elementor-reverse-tablet elementor-reverse-mobile elementor-section-height-default elementor-section-height-default qodef-elementor-content-no\" data-id=\"2cca1cb\" data-element_type=\"section\" data-e-type=\"section\">\n\t\t\t\t\t\t<div class=\"elementor-container elementor-column-gap-default\">\n\t\t\t\t\t<div class=\"elementor-column elementor-col-50 elementor-top-column elementor-element elementor-element-156da98\" data-id=\"156da98\" data-element_type=\"column\" data-e-type=\"column\" data-settings=\"{&quot;background_background&quot;:&quot;classic&quot;}\">\n\t\t\t<div class=\"elementor-widget-wrap elementor-element-populated\">\n\t\t\t\t\t\t<div class=\"elementor-element elementor-element-7cc1e06 elementor-widget elementor-widget-stal_core_section_title\" data-id=\"7cc1e06\" data-element_type=\"widget\" data-e-type=\"widget\" data-widget_type=\"stal_core_section_title.default\">\n\t\t\t\t<div class=\"elementor-widget-container\">\n\t\t\t\t\t<div class=\"qodef-shortcode qodef-m qodef-section-title qodef-alignment--left\">\n\t\t<div class=\"qodef-m-title-wrap\">\n\t\t<h2 class=\"qodef-m-title\" >\n\t\t\t\t\tA Nossa Miss\u00e3o\t\t\t<\/h2>\n\t\n\t<\/div>\n\t\t<p class=\"qodef-m-text\" style=\"font-size: 17px;line-height: 30px;color: #1E1E1E\">Na Rotopile, pensamos GREEN. A nossa miss\u00e3o \u00e9 construir as funda\u00e7\u00f5es mais ecol\u00f3gicas do mercado. Os valores de sustentabilidade moldam os nossos projetos e os materiais que usamos. Estamos a trabalhar para uma cultura de constru\u00e7\u00e3o livre de carbono. Juntos podemos salvar o meio ambiente.<\/p>\n<\/div>\t\t\t\t<\/div>\n\t\t\t\t<\/div>\n\t\t\t\t\t<\/div>\n\t\t<\/div>\n\t\t\t\t<div class=\"elementor-column elementor-col-50 elementor-top-column elementor-element elementor-element-8539fe7\" data-id=\"8539fe7\" data-element_type=\"column\" data-e-type=\"column\" data-settings=\"{&quot;background_background&quot;:&quot;classic&quot;}\">\n\t\t\t<div class=\"elementor-widget-wrap elementor-element-populated\">\n\t\t\t\t\t\t<div class=\"elementor-element elementor-element-4a6b23d elementor-widget elementor-widget-spacer\" data-id=\"4a6b23d\" data-element_type=\"widget\" data-e-type=\"widget\" data-widget_type=\"spacer.default\">\n\t\t\t\t<div class=\"elementor-widget-container\">\n\t\t\t\t\t\t\t<div class=\"elementor-spacer\">\n\t\t\t<div class=\"elementor-spacer-inner\"><\/div>\n\t\t<\/div>\n\t\t\t\t\t\t<\/div>\n\t\t\t\t<\/div>\n\t\t\t\t\t<\/div>\n\t\t<\/div>\n\t\t\t\t\t<\/div>\n\t\t<\/section>\n\t\t\t\t<section data-particle_enable=\"false\" data-particle-mobile-disabled=\"false\" class=\"elementor-section elementor-top-section elementor-element elementor-element-552efa2 elementor-section-full_width elementor-section-height-default elementor-section-height-default qodef-elementor-content-no\" data-id=\"552efa2\" data-element_type=\"section\" data-e-type=\"section\">\n\t\t\t\t\t\t<div class=\"elementor-container elementor-column-gap-default\">\n\t\t\t\t\t<div class=\"elementor-column elementor-col-50 elementor-top-column elementor-element elementor-element-ba677ca\" data-id=\"ba677ca\" data-element_type=\"column\" data-e-type=\"column\" data-settings=\"{&quot;background_background&quot;:&quot;classic&quot;}\">\n\t\t\t<div class=\"elementor-widget-wrap elementor-element-populated\">\n\t\t\t\t\t\t<div class=\"elementor-element elementor-element-cc5b9b8 elementor-widget elementor-widget-spacer\" data-id=\"cc5b9b8\" data-element_type=\"widget\" data-e-type=\"widget\" data-widget_type=\"spacer.default\">\n\t\t\t\t<div class=\"elementor-widget-container\">\n\t\t\t\t\t\t\t<div class=\"elementor-spacer\">\n\t\t\t<div class=\"elementor-spacer-inner\"><\/div>\n\t\t<\/div>\n\t\t\t\t\t\t<\/div>\n\t\t\t\t<\/div>\n\t\t\t\t\t<\/div>\n\t\t<\/div>\n\t\t\t\t<div class=\"elementor-column elementor-col-50 elementor-top-column elementor-element elementor-element-9413a72\" data-id=\"9413a72\" data-element_type=\"column\" data-e-type=\"column\">\n\t\t\t<div class=\"elementor-widget-wrap elementor-element-populated\">\n\t\t\t\t\t\t<div class=\"elementor-element elementor-element-09c9fc9 elementor-widget elementor-widget-stal_core_section_title\" data-id=\"09c9fc9\" data-element_type=\"widget\" data-e-type=\"widget\" data-widget_type=\"stal_core_section_title.default\">\n\t\t\t\t<div class=\"elementor-widget-container\">\n\t\t\t\t\t<div class=\"qodef-shortcode qodef-m qodef-section-title qodef-alignment--left\">\n\t\t<div class=\"qodef-m-title-wrap\">\n\t\t<h2 class=\"qodef-m-title\" >\n\t\t\t\t\tO Nosso Objetivo\t\t\t<\/h2>\n\t\n\t<\/div>\n\t\t<p class=\"qodef-m-text\" style=\"font-size: 17px;line-height: 30px;color: #1E1E1E\">O nosso objetivo \u00e9 ser o primeiro fornecedor de servi\u00e7os de constru\u00e7\u00e3o de funda\u00e7\u00f5es com estacas helicoidais. Com experi\u00eancia no campo e dando consultoria, podemos ajudar no seu projeto. Contacte connosco e vamos construir algo que resista ao teste do tempo.<\/p>\n<\/div>\t\t\t\t<\/div>\n\t\t\t\t<\/div>\n\t\t\t\t\t<\/div>\n\t\t<\/div>\n\t\t\t\t\t<\/div>\n\t\t<\/section>\n\t\t\t\t<section data-particle_enable=\"false\" data-particle-mobile-disabled=\"false\" class=\"elementor-section elementor-top-section elementor-element elementor-element-25041a1 elementor-section-boxed elementor-section-height-default elementor-section-height-default qodef-elementor-content-no\" data-id=\"25041a1\" data-element_type=\"section\" data-e-type=\"section\">\n\t\t\t\t\t\t<div class=\"elementor-container elementor-column-gap-default\">\n\t\t\t\t\t<div class=\"elementor-column elementor-col-100 elementor-top-column elementor-element elementor-element-9e5f344\" data-id=\"9e5f344\" data-element_type=\"column\" data-e-type=\"column\">\n\t\t\t<div class=\"elementor-widget-wrap elementor-element-populated\">\n\t\t\t\t\t\t<div class=\"elementor-element elementor-element-7dbed58 elementor-widget elementor-widget-global elementor-global-11483 elementor-widget-image\" data-id=\"7dbed58\" data-element_type=\"widget\" data-e-type=\"widget\" data-widget_type=\"image.default\">\n\t\t\t\t<div class=\"elementor-widget-container\">\n\t\t\t\t\t\t\t\t\t\t\t\t\t\t\t<img fetchpriority=\"high\" decoding=\"async\" width=\"12177\" height=\"2487\" src=\"https:\/\/rotopile.com\/wp-content\/uploads\/2025\/03\/ALENTEJO2030_BarraCofinan_Ass.png\" class=\"attachment-full size-full wp-image-11473\" alt=\"\" srcset=\"https:\/\/rotopile.com\/wp-content\/uploads\/2025\/03\/ALENTEJO2030_BarraCofinan_Ass.png 12177w, https:\/\/rotopile.com\/wp-content\/uploads\/2025\/03\/ALENTEJO2030_BarraCofinan_Ass-300x61.png 300w, https:\/\/rotopile.com\/wp-content\/uploads\/2025\/03\/ALENTEJO2030_BarraCofinan_Ass-1024x209.png 1024w, https:\/\/rotopile.com\/wp-content\/uploads\/2025\/03\/ALENTEJO2030_BarraCofinan_Ass-768x157.png 768w, https:\/\/rotopile.com\/wp-content\/uploads\/2025\/03\/ALENTEJO2030_BarraCofinan_Ass-1536x314.png 1536w, https:\/\/rotopile.com\/wp-content\/uploads\/2025\/03\/ALENTEJO2030_BarraCofinan_Ass-2048x418.png 2048w\" sizes=\"(max-width: 12177px) 100vw, 12177px\" \/>\t\t\t\t\t\t\t\t\t\t\t\t\t\t\t<\/div>\n\t\t\t\t<\/div>\n\t\t\t\t\t<\/div>\n\t\t<\/div>\n\t\t\t\t\t<\/div>\n\t\t<\/section>\n\t\t\t\t<\/div>\n\t\t","protected":false},"excerpt":{"rendered":"<p>Sobre N\u00f3s A Paalupiste, a maior fabricante de estacas helicoidais da Europa e a Geocontrole, empresa l\u00edder em engenharia geot\u00e9cnica em Portugal, uniram for\u00e7as e criaram a Rotopile. A combina\u00e7\u00e3o perfeita da profici\u00eancia da Paalupiste na fabrica\u00e7\u00e3o e instala\u00e7\u00e3o das estacas helicoidais com a habilidade em engenharia da Geocontrole permite \u00e0 Rotopile executar com sucesso [&hellip;]<\/p>\n","protected":false},"author":1,"featured_media":0,"parent":0,"menu_order":0,"comment_status":"closed","ping_status":"closed","template":"page-full-width.php","meta":{"footnotes":""},"class_list":["post-10960","page","type-page","status-publish","hentry"],"yoast_head":"<!-- This site is optimized with the Yoast SEO plugin v27.5 - https:\/\/yoast.com\/product\/yoast-seo-wordpress\/ -->\n<title>Sobre N\u00f3s | Rotopile<\/title>\n<meta name=\"robots\" content=\"index, follow, max-snippet:-1, max-image-preview:large, max-video-preview:-1\" \/>\n<link rel=\"canonical\" href=\"https:\/\/rotopile.com\/pt-pt\/sobre-nos\/\" \/>\n<meta property=\"og:locale\" content=\"pt_PT\" \/>\n<meta property=\"og:type\" content=\"article\" \/>\n<meta property=\"og:title\" content=\"Sobre N\u00f3s | Rotopile\" \/>\n<meta property=\"og:description\" content=\"Sobre N\u00f3s A Paalupiste, a maior fabricante de estacas helicoidais da Europa e a Geocontrole, empresa l\u00edder em engenharia geot\u00e9cnica em Portugal, uniram for\u00e7as e criaram a Rotopile. A combina\u00e7\u00e3o perfeita da profici\u00eancia da Paalupiste na fabrica\u00e7\u00e3o e instala\u00e7\u00e3o das estacas helicoidais com a habilidade em engenharia da Geocontrole permite \u00e0 Rotopile executar com sucesso [&hellip;]\" \/>\n<meta property=\"og:url\" content=\"https:\/\/rotopile.com\/pt-pt\/sobre-nos\/\" \/>\n<meta property=\"og:site_name\" content=\"Rotopile\" \/>\n<meta property=\"article:publisher\" content=\"https:\/\/www.facebook.com\/rotopile\" \/>\n<meta property=\"article:modified_time\" content=\"2025-03-10T20:07:34+00:00\" \/>\n<meta property=\"og:image\" content=\"https:\/\/rotopile.com\/wp-content\/uploads\/2025\/03\/ALENTEJO2030_BarraCofinan_Ass.png\" \/>\n\t<meta property=\"og:image:width\" content=\"12177\" \/>\n\t<meta property=\"og:image:height\" content=\"2487\" \/>\n\t<meta property=\"og:image:type\" content=\"image\/png\" \/>\n<meta name=\"twitter:card\" content=\"summary_large_image\" \/>\n<meta name=\"twitter:label1\" content=\"Tempo estimado de leitura\" \/>\n\t<meta name=\"twitter:data1\" content=\"2 minutos\" \/>\n<script type=\"application\/ld+json\" class=\"yoast-schema-graph\">{\"@context\":\"https:\\\/\\\/schema.org\",\"@graph\":[{\"@type\":\"WebPage\",\"@id\":\"https:\\\/\\\/rotopile.com\\\/pt-pt\\\/sobre-nos\\\/\",\"url\":\"https:\\\/\\\/rotopile.com\\\/pt-pt\\\/sobre-nos\\\/\",\"name\":\"Sobre N\u00f3s | Rotopile\",\"isPartOf\":{\"@id\":\"https:\\\/\\\/rotopile.com\\\/#website\"},\"primaryImageOfPage\":{\"@id\":\"https:\\\/\\\/rotopile.com\\\/pt-pt\\\/sobre-nos\\\/#primaryimage\"},\"image\":{\"@id\":\"https:\\\/\\\/rotopile.com\\\/pt-pt\\\/sobre-nos\\\/#primaryimage\"},\"thumbnailUrl\":\"https:\\\/\\\/rotopile.com\\\/wp-content\\\/uploads\\\/2025\\\/03\\\/ALENTEJO2030_BarraCofinan_Ass.png\",\"datePublished\":\"2022-05-22T13:33:17+00:00\",\"dateModified\":\"2025-03-10T20:07:34+00:00\",\"breadcrumb\":{\"@id\":\"https:\\\/\\\/rotopile.com\\\/pt-pt\\\/sobre-nos\\\/#breadcrumb\"},\"inLanguage\":\"pt-PT\",\"potentialAction\":[{\"@type\":\"ReadAction\",\"target\":[\"https:\\\/\\\/rotopile.com\\\/pt-pt\\\/sobre-nos\\\/\"]}]},{\"@type\":\"ImageObject\",\"inLanguage\":\"pt-PT\",\"@id\":\"https:\\\/\\\/rotopile.com\\\/pt-pt\\\/sobre-nos\\\/#primaryimage\",\"url\":\"https:\\\/\\\/rotopile.com\\\/wp-content\\\/uploads\\\/2025\\\/03\\\/ALENTEJO2030_BarraCofinan_Ass.png\",\"contentUrl\":\"https:\\\/\\\/rotopile.com\\\/wp-content\\\/uploads\\\/2025\\\/03\\\/ALENTEJO2030_BarraCofinan_Ass.png\"},{\"@type\":\"BreadcrumbList\",\"@id\":\"https:\\\/\\\/rotopile.com\\\/pt-pt\\\/sobre-nos\\\/#breadcrumb\",\"itemListElement\":[{\"@type\":\"ListItem\",\"position\":1,\"name\":\"Home\",\"item\":\"https:\\\/\\\/rotopile.com\\\/pt-pt\\\/\"},{\"@type\":\"ListItem\",\"position\":2,\"name\":\"Sobre N\u00f3s\"}]},{\"@type\":\"WebSite\",\"@id\":\"https:\\\/\\\/rotopile.com\\\/#website\",\"url\":\"https:\\\/\\\/rotopile.com\\\/\",\"name\":\"Rotopile\",\"description\":\"\",\"publisher\":{\"@id\":\"https:\\\/\\\/rotopile.com\\\/#organization\"},\"potentialAction\":[{\"@type\":\"SearchAction\",\"target\":{\"@type\":\"EntryPoint\",\"urlTemplate\":\"https:\\\/\\\/rotopile.com\\\/?s={search_term_string}\"},\"query-input\":{\"@type\":\"PropertyValueSpecification\",\"valueRequired\":true,\"valueName\":\"search_term_string\"}}],\"inLanguage\":\"pt-PT\"},{\"@type\":\"Organization\",\"@id\":\"https:\\\/\\\/rotopile.com\\\/#organization\",\"name\":\"Rotopile\",\"url\":\"https:\\\/\\\/rotopile.com\\\/\",\"logo\":{\"@type\":\"ImageObject\",\"inLanguage\":\"pt-PT\",\"@id\":\"https:\\\/\\\/rotopile.com\\\/#\\\/schema\\\/logo\\\/image\\\/\",\"url\":\"https:\\\/\\\/rotopile.com\\\/wp-content\\\/uploads\\\/2022\\\/03\\\/-\u03c7\u03c9\u03c1\u03af\u03c2-\u03c4\u03af\u03c4\u03bb\u03bf-2022-03-25T144637.566-e1648212500790.png\",\"contentUrl\":\"https:\\\/\\\/rotopile.com\\\/wp-content\\\/uploads\\\/2022\\\/03\\\/-\u03c7\u03c9\u03c1\u03af\u03c2-\u03c4\u03af\u03c4\u03bb\u03bf-2022-03-25T144637.566-e1648212500790.png\",\"width\":1080,\"height\":407,\"caption\":\"Rotopile\"},\"image\":{\"@id\":\"https:\\\/\\\/rotopile.com\\\/#\\\/schema\\\/logo\\\/image\\\/\"},\"sameAs\":[\"https:\\\/\\\/www.facebook.com\\\/rotopile\",\"https:\\\/\\\/www.youtube.com\\\/channel\\\/UCPkGwnie36b8CsNvHhCdAcQ\",\"https:\\\/\\\/www.instagram.com\\\/rotopile\\\/\",\"https:\\\/\\\/www.linkedin.com\\\/company\\\/rotopile\\\/\"]}]}<\/script>\n<!-- \/ Yoast SEO plugin. -->","yoast_head_json":{"title":"Sobre N\u00f3s | Rotopile","robots":{"index":"index","follow":"follow","max-snippet":"max-snippet:-1","max-image-preview":"max-image-preview:large","max-video-preview":"max-video-preview:-1"},"canonical":"https:\/\/rotopile.com\/pt-pt\/sobre-nos\/","og_locale":"pt_PT","og_type":"article","og_title":"Sobre N\u00f3s | Rotopile","og_description":"Sobre N\u00f3s A Paalupiste, a maior fabricante de estacas helicoidais da Europa e a Geocontrole, empresa l\u00edder em engenharia geot\u00e9cnica em Portugal, uniram for\u00e7as e criaram a Rotopile. A combina\u00e7\u00e3o perfeita da profici\u00eancia da Paalupiste na fabrica\u00e7\u00e3o e instala\u00e7\u00e3o das estacas helicoidais com a habilidade em engenharia da Geocontrole permite \u00e0 Rotopile executar com sucesso [&hellip;]","og_url":"https:\/\/rotopile.com\/pt-pt\/sobre-nos\/","og_site_name":"Rotopile","article_publisher":"https:\/\/www.facebook.com\/rotopile","article_modified_time":"2025-03-10T20:07:34+00:00","og_image":[{"width":12177,"height":2487,"url":"https:\/\/rotopile.com\/wp-content\/uploads\/2025\/03\/ALENTEJO2030_BarraCofinan_Ass.png","type":"image\/png"}],"twitter_card":"summary_large_image","twitter_misc":{"Tempo estimado de leitura":"2 minutos"},"schema":{"@context":"https:\/\/schema.org","@graph":[{"@type":"WebPage","@id":"https:\/\/rotopile.com\/pt-pt\/sobre-nos\/","url":"https:\/\/rotopile.com\/pt-pt\/sobre-nos\/","name":"Sobre N\u00f3s | Rotopile","isPartOf":{"@id":"https:\/\/rotopile.com\/#website"},"primaryImageOfPage":{"@id":"https:\/\/rotopile.com\/pt-pt\/sobre-nos\/#primaryimage"},"image":{"@id":"https:\/\/rotopile.com\/pt-pt\/sobre-nos\/#primaryimage"},"thumbnailUrl":"https:\/\/rotopile.com\/wp-content\/uploads\/2025\/03\/ALENTEJO2030_BarraCofinan_Ass.png","datePublished":"2022-05-22T13:33:17+00:00","dateModified":"2025-03-10T20:07:34+00:00","breadcrumb":{"@id":"https:\/\/rotopile.com\/pt-pt\/sobre-nos\/#breadcrumb"},"inLanguage":"pt-PT","potentialAction":[{"@type":"ReadAction","target":["https:\/\/rotopile.com\/pt-pt\/sobre-nos\/"]}]},{"@type":"ImageObject","inLanguage":"pt-PT","@id":"https:\/\/rotopile.com\/pt-pt\/sobre-nos\/#primaryimage","url":"https:\/\/rotopile.com\/wp-content\/uploads\/2025\/03\/ALENTEJO2030_BarraCofinan_Ass.png","contentUrl":"https:\/\/rotopile.com\/wp-content\/uploads\/2025\/03\/ALENTEJO2030_BarraCofinan_Ass.png"},{"@type":"BreadcrumbList","@id":"https:\/\/rotopile.com\/pt-pt\/sobre-nos\/#breadcrumb","itemListElement":[{"@type":"ListItem","position":1,"name":"Home","item":"https:\/\/rotopile.com\/pt-pt\/"},{"@type":"ListItem","position":2,"name":"Sobre N\u00f3s"}]},{"@type":"WebSite","@id":"https:\/\/rotopile.com\/#website","url":"https:\/\/rotopile.com\/","name":"Rotopile","description":"","publisher":{"@id":"https:\/\/rotopile.com\/#organization"},"potentialAction":[{"@type":"SearchAction","target":{"@type":"EntryPoint","urlTemplate":"https:\/\/rotopile.com\/?s={search_term_string}"},"query-input":{"@type":"PropertyValueSpecification","valueRequired":true,"valueName":"search_term_string"}}],"inLanguage":"pt-PT"},{"@type":"Organization","@id":"https:\/\/rotopile.com\/#organization","name":"Rotopile","url":"https:\/\/rotopile.com\/","logo":{"@type":"ImageObject","inLanguage":"pt-PT","@id":"https:\/\/rotopile.com\/#\/schema\/logo\/image\/","url":"https:\/\/rotopile.com\/wp-content\/uploads\/2022\/03\/-\u03c7\u03c9\u03c1\u03af\u03c2-\u03c4\u03af\u03c4\u03bb\u03bf-2022-03-25T144637.566-e1648212500790.png","contentUrl":"https:\/\/rotopile.com\/wp-content\/uploads\/2022\/03\/-\u03c7\u03c9\u03c1\u03af\u03c2-\u03c4\u03af\u03c4\u03bb\u03bf-2022-03-25T144637.566-e1648212500790.png","width":1080,"height":407,"caption":"Rotopile"},"image":{"@id":"https:\/\/rotopile.com\/#\/schema\/logo\/image\/"},"sameAs":["https:\/\/www.facebook.com\/rotopile","https:\/\/www.youtube.com\/channel\/UCPkGwnie36b8CsNvHhCdAcQ","https:\/\/www.instagram.com\/rotopile\/","https:\/\/www.linkedin.com\/company\/rotopile\/"]}]}},"_links":{"self":[{"href":"https:\/\/rotopile.com\/pt-pt\/wp-json\/wp\/v2\/pages\/10960","targetHints":{"allow":["GET"]}}],"collection":[{"href":"https:\/\/rotopile.com\/pt-pt\/wp-json\/wp\/v2\/pages"}],"about":[{"href":"https:\/\/rotopile.com\/pt-pt\/wp-json\/wp\/v2\/types\/page"}],"author":[{"embeddable":true,"href":"https:\/\/rotopile.com\/pt-pt\/wp-json\/wp\/v2\/users\/1"}],"replies":[{"embeddable":true,"href":"https:\/\/rotopile.com\/pt-pt\/wp-json\/wp\/v2\/comments?post=10960"}],"version-history":[{"count":3,"href":"https:\/\/rotopile.com\/pt-pt\/wp-json\/wp\/v2\/pages\/10960\/revisions"}],"predecessor-version":[{"id":11534,"href":"https:\/\/rotopile.com\/pt-pt\/wp-json\/wp\/v2\/pages\/10960\/revisions\/11534"}],"wp:attachment":[{"href":"https:\/\/rotopile.com\/pt-pt\/wp-json\/wp\/v2\/media?parent=10960"}],"curies":[{"name":"wp","href":"https:\/\/api.w.org\/{rel}","templated":true}]}}